{"id":25,"date":"2019-11-10T14:17:58","date_gmt":"2019-11-10T13:17:58","guid":{"rendered":"http:\/\/www.e-blog.at\/?page_id=25"},"modified":"2020-03-03T12:59:45","modified_gmt":"2020-03-03T11:59:45","slug":"landingpage-text","status":"publish","type":"page","link":"https:\/\/www.e-blog.at\/","title":{"rendered":"Darum wollen wir Sie jetzt sichtbar machen"},"content":{"rendered":"\n<figure class=\"wp-block-image size-large\"><img loading=\"lazy\" decoding=\"async\" width=\"1024\" height=\"435\" src=\"https:\/\/www.e-blog.at\/wp-content\/uploads\/2019\/11\/DSC_1316-1-e1581251886102-1024x435.jpg\" alt=\"Leuchtturm auf Pellworm als Symbol f\u00fcr Sichtbarkeit\" class=\"wp-image-31\" srcset=\"https:\/\/www.e-blog.at\/wp-content\/uploads\/2019\/11\/DSC_1316-1-e1581251886102-1024x435.jpg 1024w, https:\/\/www.e-blog.at\/wp-content\/uploads\/2019\/11\/DSC_1316-1-e1581251886102-300x127.jpg 300w, https:\/\/www.e-blog.at\/wp-content\/uploads\/2019\/11\/DSC_1316-1-e1581251886102-768x326.jpg 768w, https:\/\/www.e-blog.at\/wp-content\/uploads\/2019\/11\/DSC_1316-1-e1581251886102-1536x652.jpg 1536w, https:\/\/www.e-blog.at\/wp-content\/uploads\/2019\/11\/DSC_1316-1-e1581251886102-2048x870.jpg 2048w\" sizes=\"auto, (max-width: 1024px) 100vw, 1024px\" \/><\/figure>\n\n\n\n<p class=\"has-text-align-center has-medium-font-size\"><strong>Die Digitalisierung ist ein Segen&#8230;<\/strong><\/p>\n\n\n\n<p class=\"has-medium-font-size\"> Nie zuvor war es so einfach, das eigene Unternehmen, das eigene Produkt  und das eigene Angebot&nbsp;weithin sichtbar zu machen. Via Website,  Newsletter und Social Media k\u00f6nnen wir unsere potentiellen Kundinnen und  Kunden direkt ansprechen, ohne den \u201eUmweg\u201c \u00fcber klassische Medien und  Inserate zu gehen. <\/p>\n\n\n\n<p class=\"has-text-align-center has-medium-font-size\"><strong>Die Digitalisierung ist ein Fluch&#8230;<\/strong><\/p>\n\n\n\n<p class=\"has-medium-font-size\"> Nie zuvor war es so schwierig, sich aus der Masse des Angebots  hervorzuheben. Denn die sozialen Medien stehen jedem offen. In der Flut  der Informationen ist es schwieriger denn je, f\u00fcr das eigene Angebot  Aufmerksamkeit zu gewinnen. <\/p>\n\n\n\n<p class=\"has-text-align-center has-medium-font-size\"> <strong>Wer im Online-Meer gefunden werden will, muss die richtigen Signale senden. <\/strong> <\/p>\n\n\n\n<figure class=\"wp-block-image size-large\"><img loading=\"lazy\" decoding=\"async\" width=\"1024\" height=\"326\" src=\"https:\/\/www.e-blog.at\/wp-content\/uploads\/2019\/11\/DSC_0010-1024x326.jpg\" alt=\"Boje im Meer_Foto Neureiter\" class=\"wp-image-33\" srcset=\"https:\/\/www.e-blog.at\/wp-content\/uploads\/2019\/11\/DSC_0010-1024x326.jpg 1024w, https:\/\/www.e-blog.at\/wp-content\/uploads\/2019\/11\/DSC_0010-300x96.jpg 300w, https:\/\/www.e-blog.at\/wp-content\/uploads\/2019\/11\/DSC_0010-768x245.jpg 768w\" sizes=\"auto, (max-width: 1024px) 100vw, 1024px\" \/><\/figure>\n\n\n\n<p class=\"has-text-align-center has-medium-font-size\"> <strong>Die L\u00f6sung:<\/strong> <\/p>\n\n\n\n<p class=\"has-medium-font-size\"> Wir haben das Medium E-Blog entwickelt. Darin machen wir Ihre <strong>einzigartige Expertise<\/strong> sichtbar. Mittels Storytelling verweben wir relevante Informationen in fesselnde Geschichten, mit denen Sie <strong>Emotionen <\/strong>wecken.  Denn nur mit Emotionen gelingt es, (potentielle) Kundinnen und Kunden  sowie (k\u00fcnftige) Mitarbeiterinnen und Mitarbeiter auf Sie aufmerksam zu  machen und zu begeistern. <\/p>\n\n\n\n<figure class=\"wp-block-image size-large\"><img loading=\"lazy\" decoding=\"async\" width=\"1024\" height=\"381\" src=\"https:\/\/www.e-blog.at\/wp-content\/uploads\/2020\/02\/IMG_20191231_172813-e1581677801389.jpg\" alt=\"\" class=\"wp-image-170\" srcset=\"https:\/\/www.e-blog.at\/wp-content\/uploads\/2020\/02\/IMG_20191231_172813-e1581677801389.jpg 1024w, https:\/\/www.e-blog.at\/wp-content\/uploads\/2020\/02\/IMG_20191231_172813-e1581677801389-300x112.jpg 300w, https:\/\/www.e-blog.at\/wp-content\/uploads\/2020\/02\/IMG_20191231_172813-e1581677801389-768x286.jpg 768w\" sizes=\"auto, (max-width: 1024px) 100vw, 1024px\" \/><\/figure>\n\n\n\n<p class=\"has-text-align-center has-medium-font-size\"><strong>Warum sind Emotionen so wichtig?<\/strong><\/p>\n\n\n\n<p class=\"has-text-align-center has-medium-font-size\"><strong>Weil sie Ihnen den entscheidenden Wettbewerbsvorteil bringen.<\/strong><\/p>\n\n\n\n<p class=\"has-medium-font-size\"> Sicher haben Sie schon einmal geh\u00f6rt, dass Emotionen der zentrale Motor  der Kaufentscheidung sind. Wenn es Ihnen also nicht gelingt, die  Menschen \u00fcber Emotionen anzusprechen, bleibt nur ein  Unterscheidungsmerkmal vom Mitbewerb: der Preis.  <\/p>\n\n\n\n<p class=\"has-medium-font-size\">Damit Sie Ihr Angebot nicht \u00fcber den Preis, sondern \u00fcber den Mehrwert definieren k\u00f6nnen, haben wir den E-Blog entwickelt. Damit sorgen wir daf\u00fcr, dass<\/p>\n\n\n\n<p class=\"has-medium-font-size\"># Ihre Kunden Sie finden<\/p>\n\n\n\n<p class=\"has-medium-font-size\"># Sie Ihre Kunden fesseln<\/p>\n\n\n\n<p class=\"has-medium-font-size\"># Ihre Kunden sich an Sie erinnern<\/p>\n\n\n\n<p class=\"has-text-align-center has-medium-font-size\"><strong>N\u00e4mlich dann, wenn die Kaufentscheidung f\u00e4llt.<\/strong><\/p>\n\n\n\n<figure class=\"wp-block-image size-large\"><img loading=\"lazy\" decoding=\"async\" width=\"1024\" height=\"386\" src=\"https:\/\/www.e-blog.at\/wp-content\/uploads\/2019\/11\/segelschiff-breit-1024x386.jpg\" alt=\"Segelschiff_Foto Neureiter\" class=\"wp-image-40\" srcset=\"https:\/\/www.e-blog.at\/wp-content\/uploads\/2019\/11\/segelschiff-breit-1024x386.jpg 1024w, https:\/\/www.e-blog.at\/wp-content\/uploads\/2019\/11\/segelschiff-breit-300x113.jpg 300w, https:\/\/www.e-blog.at\/wp-content\/uploads\/2019\/11\/segelschiff-breit-768x290.jpg 768w\" sizes=\"auto, (max-width: 1024px) 100vw, 1024px\" \/><\/figure>\n\n\n\n<p class=\"has-text-align-center has-medium-font-size\"><strong>Setzen Sie daher jetzt die Segel und starten Sie Ihren E-Blog<\/strong><\/p>\n\n\n\n<p class=\"has-medium-font-size\"> Die Digitalisierung macht nicht halt, sondern schreitet mit gro\u00dfer  Geschwindigkeit voran. Daher sollten Sie nicht abwarten, was Ihr  Mitbewerber macht. Starten Sie jetzt Ihren E-Blog, um im Wettbewerb die  Nase vorn zu haben. <\/p>\n\n\n\n<figure class=\"wp-block-image size-full is-resized\"><img decoding=\"async\" src=\"https:\/\/www.e-blog.at\/wp-content\/uploads\/2019\/11\/N\u00e4chste-Schritte.jpg\" alt=\"\" class=\"wp-image-41\" width=\"1024\" srcset=\"https:\/\/www.e-blog.at\/wp-content\/uploads\/2019\/11\/N\u00e4chste-Schritte.jpg 786w, https:\/\/www.e-blog.at\/wp-content\/uploads\/2019\/11\/N\u00e4chste-Schritte-300x106.jpg 300w, https:\/\/www.e-blog.at\/wp-content\/uploads\/2019\/11\/N\u00e4chste-Schritte-768x273.jpg 768w\" sizes=\"(max-width: 786px) 100vw, 786px\" \/><\/figure>\n\n\n\n<p class=\"has-text-align-center has-medium-font-size\"><strong>Wie kann ich den E-Blog in der Praxis umsetzen?<\/strong><\/p>\n\n\n\n<p class=\"has-medium-font-size\">Wir entwickeln mit Ihnen gemeinsam Ihre E-Blog-Strategie und begleiten Sie bei der Umsetzung.<\/p>\n\n\n\n<div class=\"wp-block-button aligncenter\"><a class=\"wp-block-button__link has-background has-luminous-vivid-orange-background-color\" href=\"mailto:agentur@neureiter.at?subject=E-Blog.at\"><img loading=\"lazy\" decoding=\"async\" width=\"150\" height=\"100\" class=\"wp-image-54\" style=\"width: 150px;\" src=\"https:\/\/www.e-blog.at\/wp-content\/uploads\/2019\/11\/planen.jpg\" alt=\"\" srcset=\"https:\/\/www.e-blog.at\/wp-content\/uploads\/2019\/11\/planen.jpg 979w, https:\/\/www.e-blog.at\/wp-content\/uploads\/2019\/11\/planen-300x200.jpg 300w, https:\/\/www.e-blog.at\/wp-content\/uploads\/2019\/11\/planen-768x511.jpg 768w\" sizes=\"auto, (max-width: 150px) 100vw, 150px\" \/><br><strong>Holen Sie sich jetzt Ihren<br>pers\u00f6nlichen E-Blog-Termin.<\/strong><br><\/a><\/div>\n\n\n\n<div style=\"height:50px\" aria-hidden=\"true\" class=\"wp-block-spacer\"><\/div>\n\n\n\n<p class=\"has-medium-font-size\"><strong>Vielleicht zweifeln Sie noch und wollen wissen, was andere \u00fcber den E-Blog sagen?<\/strong><\/p>\n\n\n\n<div style=\"height:50px\" aria-hidden=\"true\" class=\"wp-block-spacer\"><\/div>\n\n\n\n<p class=\"has-text-align-left has-medium-font-size\"><strong>Hier sind Antworten:<\/strong><\/p>\n\n\n\n<p style=\"font-size:18px\"><strong><em>Entscheidender Wettbewerbsvorteil <\/em><\/strong><\/p>\n\n\n\n<p style=\"font-size:18px\"><em>Das E-Blog-Modell von Dr. Neureiter-PR ist f\u00fcr uns genau die richtige L\u00f6sung, um die Einzigartigkeit unserer SALZRAUM.Hall livelocations sichtbar zu machen. Gemeinsam mit uns hat die Agentur den SALZRAUM.Blog entwickelt und betreut diesen laufend. Mittels Storytelling werden relevante Informationen in spannende Geschichten verpackt, die bei den Kunden ankommen und uns einen entscheidenden Wettbewerbsvorteil liefern. Der weitere Vorteil: Wir haben laufend frischen Content f\u00fcr unsere Website, unseren Newsletter und f\u00fcr Social Media. Aus meiner Erfahrung ist der E-Blog gerade f\u00fcr Locations und Destinationen genau das geeignete Mittel, um sich aus der Masse des Angebots hervorzuheben. <\/em><\/p>\n\n\n\n<p><img loading=\"lazy\" decoding=\"async\" width=\"130\" height=\"159\" class=\"wp-image-146\" style=\"width: 130px;\" src=\"https:\/\/www.e-blog.at\/wp-content\/uploads\/2020\/01\/Andreas-Ablinger.jpg\" alt=\"\" srcset=\"https:\/\/www.e-blog.at\/wp-content\/uploads\/2020\/01\/Andreas-Ablinger.jpg 447w, https:\/\/www.e-blog.at\/wp-content\/uploads\/2020\/01\/Andreas-Ablinger-246x300.jpg 246w\" sizes=\"auto, (max-width: 130px) 100vw, 130px\" \/>  Andreas Ablinger, Prokurist SALZRAUM.Hall livelocations <\/p>\n\n\n\n<hr class=\"wp-block-separator\"\/>\n\n\n\n<div style=\"height:20px\" aria-hidden=\"true\" class=\"wp-block-spacer\"><\/div>\n\n\n\n<p style=\"font-size:18px\"><strong><em>Macht dein Unternehmen auf Google sichtbar<\/em><\/strong><\/p>\n\n\n\n<p style=\"font-size:18px\"><em>Wie positioniere ich meinen \u201eKeil\u00b4s Viakanta kreativer Seminarort Burgenland\u201c so, dass er auf Google gefunden wird? Ich habe hier viel vom Know-how von Dr. Neureiter-PR und deren E-Blog-Modell profitiert. Ein erfahrenes sympathisches Team, das&nbsp; dein Unternehmen mit klugem Storytelling auf Google sichtbar macht. Und somit bei deinen k\u00fcnftigen Kunden!<\/em><\/p>\n\n\n\n<p><img loading=\"lazy\" decoding=\"async\" width=\"130\" height=\"130\" class=\"wp-image-69\" style=\"width: 130px;\" src=\"https:\/\/www.e-blog.at\/wp-content\/uploads\/2019\/11\/Monika-Keil-e1573639458973.jpg\" alt=\"\">  Monika Keil, Gesch\u00e4ftsf\u00fchrerin Keil\u00b4s Viakanta, Bild: Keil <\/p>\n\n\n\n<hr class=\"wp-block-separator\"\/>\n\n\n\n<div style=\"height:20px\" aria-hidden=\"true\" class=\"wp-block-spacer\"><\/div>\n\n\n\n<p style=\"font-size:18px\"><strong><em>Familien informieren und neue MitarbeiterInnen ansprechen<\/em><\/strong><\/p>\n\n\n\n<p style=\"font-size:18px\"><em>Wie k\u00f6nnen wir die Chancen der Digitalisierung nutzen, um unsere \u00fcber 40-j\u00e4hrige Erfahrung in der medizinisch-therapeutischen Versorgung besonderer Kinder und Jugendlicher einer breiten \u00d6ffentlichkeit zug\u00e4nglich machen? Dr. Neureiter-PR, langj\u00e4hriger Partner der VKKJ, hat uns mit dem E-Blog den L\u00f6sungsweg aufgezeigt. Gemeinsam mit uns hat die Agentur den \u201eVKKJ Aktiv-Blog\u201c entwickelt und betreut diesen laufend. Damit k\u00f6nnen wir betroffene Familien ebenso wie unsere KooperationspartnerInnen aktuell und umfassend informieren. Auch im Bereich des Employer Brandings nutzen wir den \u201eVKKJ Aktiv-Blog\u201c, um neue MitarbeiterInnen anzusprechen. <\/em><\/p>\n\n\n\n<p><img loading=\"lazy\" decoding=\"async\" width=\"130\" height=\"130\" class=\"wp-image-67\" style=\"width: 130px;\" src=\"https:\/\/www.e-blog.at\/wp-content\/uploads\/2019\/11\/VKKJ_Steuer-e1573639496521.jpg\" alt=\"\" srcset=\"https:\/\/www.e-blog.at\/wp-content\/uploads\/2019\/11\/VKKJ_Steuer-e1573639496521.jpg 1301w, https:\/\/www.e-blog.at\/wp-content\/uploads\/2019\/11\/VKKJ_Steuer-e1573639496521-150x150.jpg 150w, https:\/\/www.e-blog.at\/wp-content\/uploads\/2019\/11\/VKKJ_Steuer-e1573639496521-300x300.jpg 300w, https:\/\/www.e-blog.at\/wp-content\/uploads\/2019\/11\/VKKJ_Steuer-e1573639496521-768x768.jpg 768w, https:\/\/www.e-blog.at\/wp-content\/uploads\/2019\/11\/VKKJ_Steuer-e1573639496521-1024x1024.jpg 1024w\" sizes=\"auto, (max-width: 130px) 100vw, 130px\" \/>  Mag. Andreas Steuer, Gesch\u00e4ftsf\u00fchrer VKKJ, Bild: VKKJ <\/p>\n\n\n\n<div style=\"height:20px\" aria-hidden=\"true\" class=\"wp-block-spacer\"><\/div>\n\n\n\n<hr class=\"wp-block-separator\"\/>\n\n\n\n<p style=\"font-size:18px\"><strong><em>Modernes und zeitgem\u00e4\u00dfes Tool<\/em><\/strong><\/p>\n\n\n\n<p style=\"font-size:18px\"><em>\u201eMit dem E-Blog-Modell von Dr. Neureiter-PR ist es mir gelungen, meine Sichtbarkeit als Expertin zu erh\u00f6hen. In praxisorientierten Strategiemeetings haben wir ein Konzept entwickelt, mit dem ich meine Expertise \u00fcber k\u00fcnstlerische Interventionen in Unternehmen mittels des Blogs sichtbar machen kann. Damit habe ich ein modernes und zeitgem\u00e4\u00dfes Tool, um Unternehmen und Organisationen laufend \u00fcber Neuigkeiten und wissensbasierte Erkenntnisse auf dem Gebiet der k\u00fcnstlerischen Intervention zu informieren und neue Kunden zu gewinnen.\u201c<\/em><\/p>\n\n\n\n<p><img loading=\"lazy\" decoding=\"async\" width=\"130\" height=\"190\" class=\"wp-image-178\" style=\"width: 130px;\" src=\"https:\/\/www.e-blog.at\/wp-content\/uploads\/2020\/03\/helga_stattler_\u00a9-Rita-Newman.jpg\" alt=\"\" srcset=\"https:\/\/www.e-blog.at\/wp-content\/uploads\/2020\/03\/helga_stattler_\u00a9-Rita-Newman.jpg 306w, https:\/\/www.e-blog.at\/wp-content\/uploads\/2020\/03\/helga_stattler_\u00a9-Rita-Newman-205x300.jpg 205w\" sizes=\"auto, (max-width: 130px) 100vw, 130px\" \/>  Dkfm. Helga Stattler, Institut f\u00fcr Kunst und Wirtschaft <\/p>\n\n\n\n<p>Bild \u00a9 Rita Newman<\/p>\n\n\n\n<hr class=\"wp-block-separator\"\/>\n\n\n\n<div style=\"height:20px\" aria-hidden=\"true\" class=\"wp-block-spacer\"><\/div>\n\n\n\n<p class=\"has-text-align-center has-medium-font-size\"><strong>Wir entwickeln auch f\u00fcr Sie Ihren passgenauen E-Blog.<\/strong><\/p>\n\n\n\n<div class=\"wp-block-button aligncenter\"><a class=\"wp-block-button__link has-background has-luminous-vivid-orange-background-color\" href=\"mailto:agentur@neureiter.at?subject=E-Blog.at\"><img loading=\"lazy\" decoding=\"async\" width=\"250\" height=\"167\" class=\"wp-image-45\" style=\"width: 250px;\" src=\"https:\/\/www.e-blog.at\/wp-content\/uploads\/2019\/11\/UM9B4816.jpg\" alt=\"\" srcset=\"https:\/\/www.e-blog.at\/wp-content\/uploads\/2019\/11\/UM9B4816.jpg 1772w, https:\/\/www.e-blog.at\/wp-content\/uploads\/2019\/11\/UM9B4816-300x200.jpg 300w, https:\/\/www.e-blog.at\/wp-content\/uploads\/2019\/11\/UM9B4816-768x512.jpg 768w, https:\/\/www.e-blog.at\/wp-content\/uploads\/2019\/11\/UM9B4816-1024x682.jpg 1024w\" sizes=\"auto, (max-width: 250px) 100vw, 250px\" \/><\/a><\/div>\n\n\n\n<p class=\"has-text-align-center\"><strong>Vereinbaren Sie jetzt Ihr pers\u00f6nliches E-Blog-Gespr\u00e4ch<\/strong><\/p>\n","protected":false},"excerpt":{"rendered":"<p>Die Digitalisierung ist ein Segen&#8230; Nie zuvor war es so einfach, das eigene Unternehmen, das eigene Produkt und das eigene Angebot&nbsp;weithin sichtbar zu machen. Via Website, Newsletter und Social Media &#8230;<\/p>\n","protected":false},"author":1,"featured_media":32,"parent":0,"menu_order":0,"comment_status":"closed","ping_status":"closed","template":"template-fullwidth.php","meta":{"footnotes":""},"class_list":["post-25","page","type-page","status-publish","has-post-thumbnail","hentry"],"_links":{"self":[{"href":"https:\/\/www.e-blog.at\/index.php?rest_route=\/wp\/v2\/pages\/25","targetHints":{"allow":["GET"]}}],"collection":[{"href":"https:\/\/www.e-blog.at\/index.php?rest_route=\/wp\/v2\/pages"}],"about":[{"href":"https:\/\/www.e-blog.at\/index.php?rest_route=\/wp\/v2\/types\/page"}],"author":[{"embeddable":true,"href":"https:\/\/www.e-blog.at\/index.php?rest_route=\/wp\/v2\/users\/1"}],"replies":[{"embeddable":true,"href":"https:\/\/www.e-blog.at\/index.php?rest_route=%2Fwp%2Fv2%2Fcomments&post=25"}],"version-history":[{"count":32,"href":"https:\/\/www.e-blog.at\/index.php?rest_route=\/wp\/v2\/pages\/25\/revisions"}],"predecessor-version":[{"id":184,"href":"https:\/\/www.e-blog.at\/index.php?rest_route=\/wp\/v2\/pages\/25\/revisions\/184"}],"wp:featuredmedia":[{"embeddable":true,"href":"https:\/\/www.e-blog.at\/index.php?rest_route=\/wp\/v2\/media\/32"}],"wp:attachment":[{"href":"https:\/\/www.e-blog.at\/index.php?rest_route=%2Fwp%2Fv2%2Fmedia&parent=25"}],"curies":[{"name":"wp","href":"https:\/\/api.w.org\/{rel}","templated":true}]}}